{"id":9,"date":"2014-01-15T17:25:21","date_gmt":"2014-01-15T17:25:21","guid":{"rendered":"http:\/\/www.villarruellocutor.com.ar\/?page_id=9"},"modified":"2020-07-14T18:46:36","modified_gmt":"2020-07-14T21:46:36","slug":"demos","status":"publish","type":"page","link":"https:\/\/www.villarruellocutor.com.ar\/?page_id=9","title":{"rendered":"Demos"},"content":{"rendered":"<p style=\"text-align: center;\"><a href=\"http:\/\/www.villarruellocutor.com.ar\/wp-content\/uploads\/2014\/03\/sld5-b.jpg\"><img decoding=\"async\" loading=\"lazy\" class=\"wp-image-56 alignright\" src=\"http:\/\/www.villarruellocutor.com.ar\/wp-content\/uploads\/2014\/03\/sld5-b-800x385.jpg\" alt=\"sld5-b\" width=\"448\" height=\"216\" srcset=\"https:\/\/www.villarruellocutor.com.ar\/wp-content\/uploads\/2014\/03\/sld5-b-800x385.jpg 800w, https:\/\/www.villarruellocutor.com.ar\/wp-content\/uploads\/2014\/03\/sld5-b-1024x494.jpg 1024w, https:\/\/www.villarruellocutor.com.ar\/wp-content\/uploads\/2014\/03\/sld5-b.jpg 1140w\" sizes=\"(max-width: 448px) 100vw, 448px\" \/><\/a><\/p>\n<p>&nbsp;<\/p>\n<p>&nbsp;<br \/>\n&nbsp;<br \/>\n&nbsp;<br \/>\n&nbsp;<br \/>\n&nbsp;<\/p>\n<p>Presentaci\u00f3n<\/p>\n<!--[if lt IE 9]><script>document.createElement('audio');<\/script><![endif]-->\n<audio class=\"wp-audio-shortcode\" id=\"audio-9-1\" preload=\"none\" style=\"width: 100%;\" controls=\"controls\"><source type=\"audio\/mpeg\" src=\"https:\/\/dl.dropboxusercontent.com\/sh\/fi493z1eafnhowx\/6AnVxxm1Nr\/MAV-audio\/Presentaci%C3%B3n%20cantada..mp3?_=1\" \/><a href=\"https:\/\/dl.dropboxusercontent.com\/sh\/fi493z1eafnhowx\/6AnVxxm1Nr\/MAV-audio\/Presentaci%C3%B3n%20cantada..mp3\">https:\/\/dl.dropboxusercontent.com\/sh\/fi493z1eafnhowx\/6AnVxxm1Nr\/MAV-audio\/Presentaci%C3%B3n%20cantada..mp3<\/a><\/audio>\n<p>Publicidades<\/p>\n<audio class=\"wp-audio-shortcode\" id=\"audio-9-2\" preload=\"none\" style=\"width: 100%;\" controls=\"controls\"><source type=\"audio\/mpeg\" src=\"https:\/\/dl.dropbox.com\/sh\/fi493z1eafnhowx\/sLQFhyH1Lg\/MAV-audio\/Publicidades%20brillantes..mp3?_=2\" \/><a href=\"https:\/\/dl.dropbox.com\/sh\/fi493z1eafnhowx\/sLQFhyH1Lg\/MAV-audio\/Publicidades%20brillantes..mp3\">https:\/\/dl.dropbox.com\/sh\/fi493z1eafnhowx\/sLQFhyH1Lg\/MAV-audio\/Publicidades%20brillantes..mp3<\/a><\/audio>\n<p>Locuci\u00f3n Cadena Nacional<\/p>\n<audio class=\"wp-audio-shortcode\" id=\"audio-9-3\" preload=\"none\" style=\"width: 100%;\" controls=\"controls\"><source type=\"audio\/mpeg\" src=\"https:\/\/dl.dropbox.com\/sh\/fi493z1eafnhowx\/dgOsRPzqHl\/MAV-audio\/Cadena%20Nacional.mp3?_=3\" \/><a href=\"https:\/\/dl.dropbox.com\/sh\/fi493z1eafnhowx\/dgOsRPzqHl\/MAV-audio\/Cadena%20Nacional.mp3\">https:\/\/dl.dropbox.com\/sh\/fi493z1eafnhowx\/dgOsRPzqHl\/MAV-audio\/Cadena%20Nacional.mp3<\/a><\/audio>\n<p>Relato \u00cdntimo<\/p>\n<audio class=\"wp-audio-shortcode\" id=\"audio-9-4\" preload=\"none\" style=\"width: 100%;\" controls=\"controls\"><source type=\"audio\/mpeg\" src=\"https:\/\/dl.dropbox.com\/sh\/fi493z1eafnhowx\/VC0KhPhKjJ\/MAV-audio\/Relato%20%C3%ADntimo..mp3?_=4\" \/><a href=\"https:\/\/dl.dropbox.com\/sh\/fi493z1eafnhowx\/VC0KhPhKjJ\/MAV-audio\/Relato%20%C3%ADntimo..mp3\">https:\/\/dl.dropbox.com\/sh\/fi493z1eafnhowx\/VC0KhPhKjJ\/MAV-audio\/Relato%20%C3%ADntimo..mp3<\/a><\/audio>\n<p>Presentaci\u00f3n Ricardo Arjona<\/p>\n<audio class=\"wp-audio-shortcode\" id=\"audio-9-5\" preload=\"none\" style=\"width: 100%;\" controls=\"controls\"><source type=\"audio\/mpeg\" src=\"https:\/\/dl.dropbox.com\/sh\/fi493z1eafnhowx\/-Uv15ofpG1\/MAV-audio\/Presentaci%C3%B3n%20Ricardo%20Arjona..mp3?_=5\" \/><a href=\"https:\/\/dl.dropbox.com\/sh\/fi493z1eafnhowx\/-Uv15ofpG1\/MAV-audio\/Presentaci%C3%B3n%20Ricardo%20Arjona..mp3\">https:\/\/dl.dropbox.com\/sh\/fi493z1eafnhowx\/-Uv15ofpG1\/MAV-audio\/Presentaci%C3%B3n%20Ricardo%20Arjona..mp3<\/a><\/audio>\n<p>Contestador Telef\u00f3nico<\/p>\n<audio class=\"wp-audio-shortcode\" id=\"audio-9-6\" preload=\"none\" style=\"width: 100%;\" controls=\"controls\"><source type=\"audio\/mpeg\" src=\"https:\/\/dl.dropboxusercontent.com\/sh\/fi493z1eafnhowx\/Fa4ck9sFDv\/MAV-audio\/Contestador%20telef%C3%B3nico..mp3?_=6\" \/><a href=\"https:\/\/dl.dropboxusercontent.com\/sh\/fi493z1eafnhowx\/Fa4ck9sFDv\/MAV-audio\/Contestador%20telef%C3%B3nico..mp3\">https:\/\/dl.dropboxusercontent.com\/sh\/fi493z1eafnhowx\/Fa4ck9sFDv\/MAV-audio\/Contestador%20telef%C3%B3nico..mp3<\/a><\/audio>\n<p>Publicidad WallMart<\/p>\n<audio class=\"wp-audio-shortcode\" id=\"audio-9-7\" preload=\"none\" style=\"width: 100%;\" controls=\"controls\"><source type=\"audio\/mpeg\" src=\"https:\/\/dl.dropboxusercontent.com\/sh\/fi493z1eafnhowx\/avys45KTVg\/MAV-audio\/Wall%20Mart%20.mp3?_=7\" \/><a href=\"https:\/\/dl.dropboxusercontent.com\/sh\/fi493z1eafnhowx\/avys45KTVg\/MAV-audio\/Wall%20Mart%20.mp3\">https:\/\/dl.dropboxusercontent.com\/sh\/fi493z1eafnhowx\/avys45KTVg\/MAV-audio\/Wall%20Mart%20.mp3<\/a><\/audio>\n","protected":false},"excerpt":{"rendered":"<p>&nbsp; &nbsp; &nbsp; &nbsp; &nbsp; &nbsp; Presentaci\u00f3n Publicidades Locuci\u00f3n Cadena Nacional Relato \u00cdntimo Presentaci\u00f3n Ricardo Arjona Contestador Telef\u00f3nico Publicidad WallMart<\/p>\n","protected":false},"author":1,"featured_media":0,"parent":0,"menu_order":2,"comment_status":"closed","ping_status":"open","template":"","meta":[],"_links":{"self":[{"href":"https:\/\/www.villarruellocutor.com.ar\/index.php?rest_route=\/wp\/v2\/pages\/9"}],"collection":[{"href":"https:\/\/www.villarruellocutor.com.ar\/index.php?rest_route=\/wp\/v2\/pages"}],"about":[{"href":"https:\/\/www.villarruellocutor.com.ar\/index.php?rest_route=\/wp\/v2\/types\/page"}],"author":[{"embeddable":true,"href":"https:\/\/www.villarruellocutor.com.ar\/index.php?rest_route=\/wp\/v2\/users\/1"}],"replies":[{"embeddable":true,"href":"https:\/\/www.villarruellocutor.com.ar\/index.php?rest_route=%2Fwp%2Fv2%2Fcomments&post=9"}],"version-history":[{"count":20,"href":"https:\/\/www.villarruellocutor.com.ar\/index.php?rest_route=\/wp\/v2\/pages\/9\/revisions"}],"predecessor-version":[{"id":418,"href":"https:\/\/www.villarruellocutor.com.ar\/index.php?rest_route=\/wp\/v2\/pages\/9\/revisions\/418"}],"wp:attachment":[{"href":"https:\/\/www.villarruellocutor.com.ar\/index.php?rest_route=%2Fwp%2Fv2%2Fmedia&parent=9"}],"curies":[{"name":"wp","href":"https:\/\/api.w.org\/{rel}","templated":true}]}}