{"id":31,"date":"2014-02-26T18:36:18","date_gmt":"2014-02-26T18:36:18","guid":{"rendered":"http:\/\/www.villarruellocutor.com.ar\/?page_id=31"},"modified":"2014-04-04T15:20:28","modified_gmt":"2014-04-04T18:20:28","slug":"bio","status":"publish","type":"page","link":"https:\/\/www.villarruellocutor.com.ar\/?page_id=31","title":{"rendered":"Bio"},"content":{"rendered":"<p style=\"text-align: left;\"><i style=\"line-height: 1.5em;\"><a href=\"http:\/\/www.villarruellocutor.com.ar\/wp-content\/uploads\/2014\/03\/bio.jpg\"><img decoding=\"async\" loading=\"lazy\" class=\"wp-image-62 aligncenter\" alt=\"\" src=\"http:\/\/www.villarruellocutor.com.ar\/wp-content\/uploads\/2014\/03\/bio.jpg\" width=\"448\" height=\"264\" \/><\/a><br \/>\nSoy Miguel \u00c1ngel Villarruel, alias \u201cEl Tata\u201d, oriundo de la ciudad de Rosario, (Pcia. De Santa Fe); locutor nacional, (M.P. 3346); promoci\u00f3n 1988.<\/i><\/p>\n<p><i>Convencido que \u201cProfesionales somos por consecuencia\u2026..Humanos en esencia\u201d, ejerzo mi profesi\u00f3n, responsable y alegremente, con la certeza, que la pasi\u00f3n le imprime un toque distintivo al resultado final de un trabajo. Esto soy, un apasionado que se da a s\u00ed mismo en lo que da; desde un escenario; un estudio de grabaci\u00f3n; desde donde fuere. <\/i><\/p>\n<p><i>Tengo una vasta experiencia profesional a nivel nacional, habiendo trabajado como locutor en la totalidad de las provincias argentinas, en las m\u00e1s diversas circunstancias, con la impronta que esto depara,\u00a0 como as\u00ed tambi\u00e9n he realizado trabajos en \u00e1mbitos internacionales. <\/i><\/p>\n<p><i>Soy un profesional m\u00e1s, que se considera \u00fanico en su estilo.<br \/>\n<\/i><i>Mi propuesta es invitarte a compartir esta p\u00e1gina informativa en principio y mi trabajo profesional, finalmente.<br \/>\n<\/i><\/p>\n<p><i><\/i><i>Gracias por tu tiempo y hasta siempre\u2026<\/i><\/p>\n<!--[if lt IE 9]><script>document.createElement('audio');<\/script><![endif]-->\n<audio class=\"wp-audio-shortcode\" id=\"audio-31-1\" preload=\"none\" style=\"width: 100%;\" controls=\"controls\"><source type=\"audio\/mpeg\" src=\"https:\/\/dl.dropbox.com\/sh\/fi493z1eafnhowx\/o95EWm3AuX\/MAV-audio\/Presentaci%C3%B3n%20MAV2.mp3?_=1\" \/><a href=\"https:\/\/dl.dropbox.com\/sh\/fi493z1eafnhowx\/o95EWm3AuX\/MAV-audio\/Presentaci%C3%B3n%20MAV2.mp3\">https:\/\/dl.dropbox.com\/sh\/fi493z1eafnhowx\/o95EWm3AuX\/MAV-audio\/Presentaci%C3%B3n%20MAV2.mp3<\/a><\/audio>\n<h1><strong><span style=\"font-size: 14px; line-height: 1.5em;\">SOBRE MI<\/span><\/strong><\/h1>\n<p><em>Gracias por estar ah\u00ed, te paso a contar un res\u00famen de mi actividad como locutor.<br \/>\n<\/em><em>Desde el mes de enero de 1989, hasta este preciso momento inclusive, trabajo como locutor nacional, de manera ininterrumpida.<br \/>\n<\/em><em>Debuto profesionalmente en Radio Splendid, como locutor \/ redactor del servicio informativo; posteriormente pas\u00e9 a ejercer la tarea de locutor comercial; para continuar conduciendo programas musicales en dicha emisora.<br \/>\n<\/em><em>Otros medios en los cuales trabaj\u00e9, han sido: Radio Am\u00e9rica, en donde tambi\u00e9n realic\u00e9 tareas en el servicio informativo y complement\u00e9 dicha labor, siendo la voz de los titulares de las noticias en el Canal televisivo de Am\u00e9rica.<br \/>\n<\/em><em>Realizo adem\u00e1s la locuci\u00f3n comercial deportiva del club atl\u00e9tico V\u00e9lez Sarfield en Radio Municipal.<br \/>\n<\/em><em>Formo parte del equipo del programa \u201cTiempo Libre\u201d, de revista Week End, como locutor comercial, durante 15 a\u00f1os, en los antiguos estudios de Radio La Red, en Av. Santa Fe hasta los actuales de Torneos y Competencias.<br \/>\n<\/em><em>Fui fundador y director de una radioemisora cat\u00f3lica de la Orden Franciscana, FM Ra\u00edces, con la cual obtuve el premio \u201cSanta Clara de As\u00eds\u201d.<\/em><\/p>\n<p><em>Realic\u00e9 tareas como extra de televisi\u00f3n en los programas: Con alma de tango; Manuela; Cebollitas; Grande Pa; entre otros.<br \/>\n<\/em><em>&#8211; Presentaci\u00f3n y conducci\u00f3n en canal 9 y canal 11 de televisi\u00f3n de las misas dominicales.<br \/>\n<\/em><em>&#8211; Fui el relator de las luchas en Titanes en el Ring, en el a\u00f1o 2001, por Am\u00e9rica TV, con la producci\u00f3n de Paulina Karadagi\u00e1n.<\/em><\/p>\n<p><em>He estudiado canto y teatro, tareas que he realizado durante un considerable tiempo de manera vocacional.<\/em><br \/>\n<em> Apasionado por la comunicaci\u00f3n, en sus m\u00e1s variados aspectos, busqu\u00e9 ampliar mis conocimientos, estudiando las especialidades en: Fotograf\u00eda; Grafolog\u00eda; C.N.V. (Comunicaci\u00f3n No Verbal); y Oratoria basada en la PNL, (Programaci\u00f3n Neurolingu\u00edstica).<br \/>\n<\/em><em>El destino, (ayudado por m\u00ed), quiso que mi tarea profesional derivara en la \u00ablocuci\u00f3n oficial\u00bb, un estilo que de alguna manera me sorprendi\u00f3, pues romp\u00eda con lo que era habitual en mi labor cotidiana, pero que al mismo tiempo, termin\u00f3 ratificando la premisa que el \u201clocutor profesional\u201d debe disponer eficazmente de los recursos necesarios para abordar cualquier modalidad inherente al rubro. Es de destacar que esto, me depar\u00f3 la posibilidad de viajar al exterior, con el valor agregado de poder ejercer mi profesi\u00f3n fuera de m\u00ed Pa\u00eds.<\/p>\n<p><\/em><em>A trav\u00e9s de mi estudio propio de grabaci\u00f3n (profesional), \u00abdespunto\u00bb el vicio de la locuci\u00f3n, realizando las m\u00e1s diversas tareas; trabajos a distancia, adem\u00e1s de darme tiempo para la inspiraci\u00f3n creativa de audios.<\/p>\n<p><\/em><i>En verdad, me considero un privilegiado, teniendo en cuenta una frase que acu\u00f1aba el entra\u00f1able autor e int\u00e9rprete Facundo Cabral: <b>\u201cquien trabaja en lo que no le gusta es un desocupado\u201d<\/b>. Y\u2026 a esa tarea de locutor, poderle adicionar elementos complementarios del resto de los cursos realizados, no es poco para m\u00ed y es m\u00e1s que suficiente para estar agradecido a Dios y a quienes me han acompa\u00f1ado incondicionalmente desde el inicio de esta apasionante\u00a0 historia de vida y profesional, al mismo tiempo.<\/i><i>\u00a0<\/i><\/p>\n<p><i>Gracias por acompa\u00f1arme en este rato.\u00a0<\/i><\/p>\n<p><span style=\"font-size: 14px; line-height: 1.5em;\"><audio class=\"wp-audio-shortcode\" id=\"audio-31-2\" preload=\"none\" style=\"width: 100%;\" controls=\"controls\"><source type=\"audio\/mpeg\" src=\"https:\/\/dl.dropbox.com\/sh\/fi493z1eafnhowx\/xoRVNMN0HO\/MAV-audio\/Curriculum%20Comentado.mp3?_=2\" \/><a href=\"https:\/\/dl.dropbox.com\/sh\/fi493z1eafnhowx\/xoRVNMN0HO\/MAV-audio\/Curriculum%20Comentado.mp3\">https:\/\/dl.dropbox.com\/sh\/fi493z1eafnhowx\/xoRVNMN0HO\/MAV-audio\/Curriculum%20Comentado.mp3<\/a><\/audio><\/span><\/p>\n<p>&nbsp;<\/p>\n","protected":false},"excerpt":{"rendered":"<p>Soy Miguel \u00c1ngel Villarruel, alias \u201cEl Tata\u201d, oriundo de la ciudad de Rosario, (Pcia. De Santa Fe); locutor nacional, (M.P. 3346); promoci\u00f3n 1988. Convencido que \u201cProfesionales somos por consecuencia\u2026..Humanos en <a class=\"more-link\" href=\"https:\/\/www.villarruellocutor.com.ar\/?page_id=31\">Continuar leyendo &rarr;<\/a><\/p>\n","protected":false},"author":1,"featured_media":0,"parent":0,"menu_order":1,"comment_status":"closed","ping_status":"open","template":"","meta":[],"_links":{"self":[{"href":"https:\/\/www.villarruellocutor.com.ar\/index.php?rest_route=\/wp\/v2\/pages\/31"}],"collection":[{"href":"https:\/\/www.villarruellocutor.com.ar\/index.php?rest_route=\/wp\/v2\/pages"}],"about":[{"href":"https:\/\/www.villarruellocutor.com.ar\/index.php?rest_route=\/wp\/v2\/types\/page"}],"author":[{"embeddable":true,"href":"https:\/\/www.villarruellocutor.com.ar\/index.php?rest_route=\/wp\/v2\/users\/1"}],"replies":[{"embeddable":true,"href":"https:\/\/www.villarruellocutor.com.ar\/index.php?rest_route=%2Fwp%2Fv2%2Fcomments&post=31"}],"version-history":[{"count":19,"href":"https:\/\/www.villarruellocutor.com.ar\/index.php?rest_route=\/wp\/v2\/pages\/31\/revisions"}],"predecessor-version":[{"id":165,"href":"https:\/\/www.villarruellocutor.com.ar\/index.php?rest_route=\/wp\/v2\/pages\/31\/revisions\/165"}],"wp:attachment":[{"href":"https:\/\/www.villarruellocutor.com.ar\/index.php?rest_route=%2Fwp%2Fv2%2Fmedia&parent=31"}],"curies":[{"name":"wp","href":"https:\/\/api.w.org\/{rel}","templated":true}]}}